{"id":5716,"date":"2024-07-09T09:55:25","date_gmt":"2024-07-09T09:55:25","guid":{"rendered":"https:\/\/foglegeszsegugy.videoton.hu\/?page_id=5716"},"modified":"2024-07-30T08:47:16","modified_gmt":"2024-07-30T08:47:16","slug":"alap-mini-riziko","status":"publish","type":"page","link":"https:\/\/foglegeszsegugy.videoton.hu\/index.php\/alap-mini-riziko\/","title":{"rendered":"Alap mini rizik\u00f3 sz\u0171r\u00e9s"},"content":{"rendered":"<div data-colibri-id=\"5716-c1\" class=\"style-4845 style-local-5716-c1 position-relative\">\r\n  <!---->\r\n  <div data-colibri-component=\"section\" data-colibri-id=\"5716-c2\" id=\"custom\" class=\"h-section h-section-global-spacing colibri-featured-img-bg d-flex align-items-lg-center align-items-md-center align-items-center style-4863 style-local-5716-c2 position-relative\">\r\n    <div class=\"background-wrapper\">\r\n      <div class=\"background-layer background-layer-media-container-lg\">\r\n        <!---->\r\n        <div class=\"overlay-layer\">\r\n          <div class=\"overlay-image-layer\" style=\"background-color: rgb(34, 96, 166); opacity: 0.5;\"><\/div>\r\n        <\/div>\r\n      <\/div>\r\n      <div class=\"background-layer background-layer-media-container-md\">\r\n        <!---->\r\n        <div class=\"overlay-layer\">\r\n          <div class=\"overlay-image-layer\" style=\"background-color: rgb(34, 96, 166); opacity: 0.5;\"><\/div>\r\n        <\/div>\r\n      <\/div>\r\n      <div class=\"background-layer background-layer-media-container\">\r\n        <!---->\r\n        <div class=\"overlay-layer\">\r\n          <div class=\"overlay-image-layer\" style=\"background-color: rgb(34, 96, 166); opacity: 0.5;\"><\/div>\r\n        <\/div>\r\n      <\/div>\r\n    <\/div>\r\n    <!---->\r\n    <div class=\"h-section-grid-container h-section-boxed-container\">\r\n      <!---->\r\n      <div data-colibri-id=\"5716-c3\" class=\"h-row-container gutters-row-lg-2 gutters-row-md-2 gutters-row-0 gutters-row-v-lg-2 gutters-row-v-md-2 gutters-row-v-2 style-4864 style-local-5716-c3 position-relative\">\r\n        <!---->\r\n        <div class=\"h-row justify-content-lg-center justify-content-md-center justify-content-center align-items-lg-stretch align-items-md-stretch align-items-stretch gutters-col-lg-2 gutters-col-md-2 gutters-col-0 gutters-col-v-lg-2 gutters-col-v-md-2 gutters-col-v-2\">\r\n          <!---->\r\n          <div class=\"h-column h-column-container d-flex h-col-lg-auto h-col-md-auto h-col-auto style-4865-outer style-local-5716-c4-outer\">\r\n            <div data-colibri-id=\"5716-c4\" class=\"d-flex h-flex-basis h-column__inner h-px-lg-2 h-px-md-2 h-px-2 v-inner-lg-2 v-inner-md-2 v-inner-2 style-4865 style-local-5716-c4 position-relative\">\r\n              <!---->\r\n              <!---->\r\n              <div class=\"w-100 h-y-container h-column__content h-column__v-align flex-basis-100 align-self-lg-start align-self-md-start align-self-start\">\r\n                <!---->\r\n                <div data-colibri-id=\"5716-c5\" class=\"h-global-transition-all h-heading style-4896 style-local-5716-c5 position-relative h-element\">\r\n                  <!---->\r\n                  <div class=\"h-heading__outer style-4896 style-local-5716-c5\">\r\n                    <!---->\r\n                    <!---->\r\n                    <h2 class=\"\">Alap mini rizik\u00f3 sz\u0171r\u00e9s<\/h2>\r\n                  <\/div>\r\n                <\/div>\r\n              <\/div>\r\n            <\/div>\r\n          <\/div>\r\n        <\/div>\r\n      <\/div>\r\n    <\/div>\r\n  <\/div>\r\n  <div data-colibri-component=\"section\" data-colibri-id=\"5716-c6\" id=\"features\" class=\"h-section h-section-global-spacing d-flex align-items-lg-center align-items-md-center align-items-center style-4866 style-local-5716-c6 position-relative\">\r\n    <!---->\r\n    <!---->\r\n    <div class=\"h-section-grid-container h-section-boxed-container\">\r\n      <!---->\r\n      <div data-colibri-id=\"5716-c7\" class=\"h-row-container gutters-row-lg-0 gutters-row-md-0 gutters-row-0 gutters-row-v-lg-0 gutters-row-v-md-0 gutters-row-v-0 style-4867 style-local-5716-c7 position-relative\">\r\n        <!---->\r\n        <div class=\"h-row justify-content-lg-center justify-content-md-center justify-content-center align-items-lg-stretch align-items-md-stretch align-items-stretch gutters-col-lg-0 gutters-col-md-0 gutters-col-0 gutters-col-v-lg-0 gutters-col-v-md-0 gutters-col-v-0\">\r\n          <!---->\r\n          <div class=\"h-column h-column-container d-flex h-col-lg-auto h-col-md-auto h-col-auto style-4868-outer style-local-5716-c8-outer\">\r\n            <div data-colibri-id=\"5716-c8\" class=\"d-flex h-flex-basis h-column__inner h-ui-empty-state-container h-px-lg-0 h-px-md-0 h-px-0 v-inner-lg-0 v-inner-md-0 v-inner-0 style-4868 style-local-5716-c8 position-relative\">\r\n              <!---->\r\n              <!---->\r\n              <div class=\"w-100 h-y-container h-column__content h-column__v-align flex-basis-100\">\r\n                <!---->\r\n              <\/div>\r\n            <\/div>\r\n          <\/div>\r\n          <div class=\"h-column h-column-container d-flex h-col-lg-auto h-col-md-auto h-col-auto style-4869-outer style-local-5716-c9-outer\">\r\n            <div data-colibri-id=\"5716-c9\" class=\"d-flex h-flex-basis h-column__inner h-px-lg-3 h-px-md-3 h-px-3 v-inner-lg-3 v-inner-md-3 v-inner-3 style-4869 style-local-5716-c9 position-relative\">\r\n              <!---->\r\n              <!---->\r\n              <div class=\"w-100 h-y-container h-column__content h-column__v-align flex-basis-100 align-self-lg-center align-self-md-center align-self-center\">\r\n                <!---->\r\n                <div data-colibri-id=\"5716-c10\" class=\"h-global-transition-all h-heading style-4870 style-local-5716-c10 position-relative h-element\">\r\n                  <!---->\r\n                  <div class=\"h-heading__outer style-4870 style-local-5716-c10\">\r\n                    <!---->\r\n                    <!---->\r\n                    <h4 class=\"\">Laborat\u00f3riumi vizsg\u00e1lat<\/h4>\r\n                  <\/div>\r\n                <\/div>\r\n                <div data-colibri-id=\"5716-c11\" class=\"h-text h-text-component style-4871 style-local-5716-c11 position-relative h-element\">\r\n                  <!---->\r\n                  <!---->\r\n                  <div class=\"\">\r\n                    <p>A laborvizsg\u00e1lat v\u00e9n\u00e1s v\u00e9rv\u00e9telb\u0151l \u00e9s vizeletvizsg\u00e1latb\u00f3l \u00e1ll. A v\u00e9rv\u00e9telb\u0151l v\u00e9rk\u00e9p, m\u00e1jfunkci\u00f3s, vesefunkci\u00f3s, elektrolit elt\u00e9r\u00e9seket igazolhatunk. A 40 \u00e9v feletti f\u00e9rfiak eset\u00e9n PSA (prosztata specifikus antig\u00e9n) vizsg\u00e1lat t\u00f6rt\u00e9nik,\r\n                      hogy id\u0151ben kisz\u0171rhess\u00fck a prosztata daganatokat. Lehet\u0151s\u00e9g van sz\u00e9klet v\u00e9rvizsg\u00e1lat elv\u00e9gz\u00e9s\u00e9re is.<\/p>\r\n                  <\/div>\r\n                <\/div>\r\n              <\/div>\r\n            <\/div>\r\n          <\/div>\r\n        <\/div>\r\n      <\/div>\r\n      <div data-colibri-id=\"5716-c12\" class=\"h-row-container gutters-row-lg-0 gutters-row-md-0 gutters-row-0 gutters-row-v-lg-0 gutters-row-v-md-0 gutters-row-v-0 style-4875 style-local-5716-c12 position-relative\">\r\n        <!---->\r\n        <div class=\"h-row justify-content-lg-center justify-content-md-center justify-content-center align-items-lg-stretch align-items-md-stretch align-items-stretch gutters-col-lg-0 gutters-col-md-0 gutters-col-0 gutters-col-v-lg-0 gutters-col-v-md-0 gutters-col-v-0\">\r\n          <!---->\r\n          <div class=\"h-column h-column-container d-flex h-col-lg-auto h-col-md-auto h-col-auto style-4876-outer style-local-5716-c13-outer\">\r\n            <div data-colibri-id=\"5716-c13\" class=\"d-flex h-flex-basis h-column__inner h-ui-empty-state-container h-px-lg-0 h-px-md-0 h-px-0 v-inner-lg-0 v-inner-md-0 v-inner-0 style-4876 style-local-5716-c13 position-relative\">\r\n              <!---->\r\n              <!---->\r\n              <div class=\"w-100 h-y-container h-column__content h-column__v-align flex-basis-100\">\r\n                <!---->\r\n              <\/div>\r\n            <\/div>\r\n          <\/div>\r\n          <div class=\"h-column h-column-container d-flex h-col-lg-auto h-col-md-auto h-col-auto style-4877-outer style-local-5716-c14-outer\">\r\n            <div data-colibri-id=\"5716-c14\" class=\"d-flex h-flex-basis h-column__inner h-px-lg-3 h-px-md-3 h-px-3 v-inner-lg-3 v-inner-md-3 v-inner-3 style-4877 style-local-5716-c14 position-relative\">\r\n              <!---->\r\n              <!---->\r\n              <div class=\"w-100 h-y-container h-column__content h-column__v-align flex-basis-100 align-self-lg-center align-self-md-center align-self-center\">\r\n                <!---->\r\n                <div data-colibri-id=\"5716-c15\" class=\"h-global-transition-all h-heading style-4878 style-local-5716-c15 position-relative h-element\">\r\n                  <!---->\r\n                  <div class=\"h-heading__outer style-4878 style-local-5716-c15\">\r\n                    <!---->\r\n                    <!---->\r\n                    <h4 class=\"\">Belgy\u00f3gy\u00e1szati vizsg\u00e1lat<\/h4>\r\n                  <\/div>\r\n                <\/div>\r\n                <div data-colibri-id=\"5716-c16\" class=\"h-text h-text-component style-4879 style-local-5716-c16 position-relative h-element\">\r\n                  <!---->\r\n                  <!---->\r\n                  <div class=\"\">\r\n                    <p>R\u00e9szletes fizik\u00e1lis \u00e1llapotfelm\u00e9r\u00e9s \u00e9s laborvizsg\u00e1latok alapj\u00e1n a sz\u00edv-\u00e9rrendszeri rizik\u00f3\u00e1llapotot hat\u00e1rozzuk meg, majd az \u00e9letkornak \u00e9s csal\u00e1di el\u0151zm\u00e9nyeknek megfelel\u0151 daganatsz\u0171r\u00e9sek t\u00f6rt\u00e9nnek. Tov\u00e1bbi javaslatokat tesz\u00fcnk a kisz\u0171rt\r\n                      elv\u00e1ltoz\u00e1sok kezel\u00e9s\u00e9re.<\/p>\r\n                  <\/div>\r\n                <\/div>\r\n              <\/div>\r\n            <\/div>\r\n          <\/div>\r\n        <\/div>\r\n      <\/div>\r\n      <div data-colibri-id=\"5716-c17\" class=\"h-row-container gutters-row-lg-0 gutters-row-md-0 gutters-row-0 gutters-row-v-lg-0 gutters-row-v-md-0 gutters-row-v-0 style-4883 style-local-5716-c17 position-relative\">\r\n        <!---->\r\n        <div class=\"h-row justify-content-lg-center justify-content-md-center justify-content-center align-items-lg-stretch align-items-md-stretch align-items-stretch gutters-col-lg-0 gutters-col-md-0 gutters-col-0 gutters-col-v-lg-0 gutters-col-v-md-0 gutters-col-v-0\">\r\n          <!---->\r\n          <div class=\"h-column h-column-container d-flex h-col-lg-auto h-col-md-auto h-col-auto style-4884-outer style-local-5716-c18-outer\">\r\n            <div data-colibri-id=\"5716-c18\" class=\"d-flex h-flex-basis h-column__inner h-ui-empty-state-container h-px-lg-0 h-px-md-0 h-px-0 v-inner-lg-0 v-inner-md-0 v-inner-0 style-4884 style-local-5716-c18 position-relative\">\r\n              <!---->\r\n              <!---->\r\n              <div class=\"w-100 h-y-container h-column__content h-column__v-align flex-basis-100\">\r\n                <!---->\r\n              <\/div>\r\n            <\/div>\r\n          <\/div>\r\n          <div class=\"h-column h-column-container d-flex h-col-lg-auto h-col-md-auto h-col-auto style-4885-outer style-local-5716-c19-outer\">\r\n            <div data-colibri-id=\"5716-c19\" class=\"d-flex h-flex-basis h-column__inner h-px-lg-3 h-px-md-0 h-px-3 v-inner-lg-3 v-inner-md-0 v-inner-3 style-4885 style-local-5716-c19 position-relative\">\r\n              <!---->\r\n              <!---->\r\n              <div class=\"w-100 h-y-container h-column__content h-column__v-align flex-basis-100 align-self-lg-center align-self-md-center align-self-center\">\r\n                <!---->\r\n                <div data-colibri-id=\"5716-c20\" class=\"h-global-transition-all h-heading style-4886 style-local-5716-c20 position-relative h-element\">\r\n                  <!---->\r\n                  <div class=\"h-heading__outer style-4886 style-local-5716-c20\">\r\n                    <!---->\r\n                    <!---->\r\n                    <h4 class=\"\">Boka-kar index vizsg\u00e1lat<\/h4>\r\n                  <\/div>\r\n                <\/div>\r\n                <div data-colibri-id=\"5716-c21\" class=\"h-text h-text-component style-4887 style-local-5716-c21 position-relative h-element\">\r\n                  <!---->\r\n                  <!---->\r\n                  <div class=\"\">\r\n                    <p>A boka-kar index (BKI) a boka magass\u00e1g\u00e1ban illetve, a felkaron m\u00e9rt szisztol\u00e9s v\u00e9rnyom\u00e1s h\u00e1nyadosa. Fekv\u0151 helyzetben, nyugalmi \u00e1llapotban, v\u00e9rnyom\u00e1sm\u00e9r\u0151 seg\u00edts\u00e9g\u00e9vel meghat\u00e1roz\u00e1sra ker\u00fcl a v\u00e9rnyom\u00e1s a karokon \u00e9s a bok\u00e1kn\u00e1l. Ide\u00e1lis\r\n                      esetben mind a n\u00e9gy v\u00e9gtagon egy id\u0151ben t\u00f6rt\u00e9nik a v\u00e9rnyom\u00e1s m\u00e9r\u00e9se.\r\n                      <br>P\u00e1r perc alatt elv\u00e9gezhet\u0151 vizsg\u00e1lat, mely \u00e1tfog\u00f3 k\u00e9pet ad az \u00e9rrendszer aktu\u00e1lis eg\u00e9szs\u00e9gi \u00e1llapot\u00e1r\u00f3l.<\/p>\r\n                  <\/div>\r\n                <\/div>\r\n              <\/div>\r\n            <\/div>\r\n          <\/div>\r\n        <\/div>\r\n      <\/div>\r\n    <\/div>\r\n  <\/div>\r\n  <div data-colibri-component=\"section\" data-colibri-id=\"5716-c22\" id=\"cta\" class=\"h-section h-section-global-spacing d-flex align-items-lg-center align-items-md-center align-items-center style-4925 style-local-5716-c22 position-relative\">\r\n    <div class=\"background-wrapper\">\r\n      <div class=\"background-layer background-layer-media-container-lg\">\r\n        <div data-enabled=\"true\" data-colibri-component=\"parallax\" class=\"background-layer paraxify\" model-id=\"5716-c22\" media=\"desktop\" is-preview=\"true\" style=\"background-image: url(&quot;http:\/\/foglegeszsegugy.videoton.hu\/wp-content\/uploads\/2024\/07\/6.jpg&quot;);\"><\/div>\r\n        <div class=\"overlay-layer\">\r\n          <div class=\"overlay-image-layer\" style=\"background-color: rgb(0, 0, 0); opacity: 0.5;\"><\/div>\r\n        <\/div>\r\n      <\/div>\r\n      <div class=\"background-layer background-layer-media-container-md\">\r\n        <!---->\r\n        <div class=\"overlay-layer\">\r\n          <div class=\"overlay-image-layer\" style=\"background-color: rgb(0, 0, 0); opacity: 0.5;\"><\/div>\r\n        <\/div>\r\n      <\/div>\r\n      <div class=\"background-layer background-layer-media-container\">\r\n        <!---->\r\n        <div class=\"overlay-layer\">\r\n          <div class=\"overlay-image-layer\" style=\"background-color: rgb(0, 0, 0); opacity: 0.5;\"><\/div>\r\n        <\/div>\r\n      <\/div>\r\n    <\/div>\r\n    <!---->\r\n    <div class=\"h-section-grid-container h-section-boxed-container\">\r\n      <!---->\r\n      <div data-colibri-id=\"5716-c23\" class=\"h-row-container gutters-row-lg-2 gutters-row-md-2 gutters-row-0 gutters-row-v-lg-2 gutters-row-v-md-2 gutters-row-v-2 style-4926 style-local-5716-c23 position-relative\">\r\n        <!---->\r\n        <div class=\"h-row justify-content-lg-center justify-content-md-center justify-content-center align-items-lg-stretch align-items-md-stretch align-items-stretch gutters-col-lg-2 gutters-col-md-2 gutters-col-0 gutters-col-v-lg-2 gutters-col-v-md-2 gutters-col-v-2\">\r\n          <!---->\r\n          <div class=\"h-column h-column-container d-flex h-col-lg-auto h-col-md-auto h-col-auto style-4927-outer style-local-5716-c24-outer\">\r\n            <div data-colibri-id=\"5716-c24\" class=\"d-flex h-flex-basis h-column__inner h-px-lg-0 h-px-md-0 h-px-2 v-inner-lg-0 v-inner-md-0 v-inner-2 style-4927 style-local-5716-c24 position-relative\">\r\n              <!---->\r\n              <!---->\r\n              <div class=\"w-100 h-y-container h-column__content h-column__v-align flex-basis-100 align-self-lg-start align-self-md-start align-self-start\">\r\n                <!---->\r\n                <div data-colibri-id=\"5716-c25\" class=\"h-global-transition-all h-heading style-4928 style-local-5716-c25 position-relative h-element\">\r\n                  <!---->\r\n                  <div class=\"h-heading__outer style-4928 style-local-5716-c25\">\r\n                    <!---->\r\n                    <!---->\r\n                    <h3 class=\"\">Vegye fel vel\u00fcnk a kapcsolatot!<\/h3>\r\n                  <\/div>\r\n                <\/div>\r\n                <div data-colibri-id=\"5716-c26\" class=\"h-x-container style-4911 style-local-5716-c26 position-relative h-element\">\r\n                  <!---->\r\n                  <div class=\"h-x-container-inner style-dynamic-5716-c26-group style-4911-spacing style-local-5716-c26-spacing\"><span class=\"h-button__outer style-4912-outer style-local-5716-c27-outer d-inline-flex h-element\"><a h-use-smooth-scroll=\"true\" href=\"https:\/\/foglegeszsegugy.videoton.hu\/index.php\/kapcsolat\/\"  data-colibri-id=\"5716-c27\" class=\"d-flex w-100 align-items-center h-button justify-content-lg-center justify-content-md-center justify-content-center style-4912 style-local-5716-c27 position-relative\"><!----><!----> <span>KAPCSOLAT<\/span><\/a>\r\n                    <\/span>\r\n                  <\/div>\r\n                <\/div>\r\n              <\/div>\r\n            <\/div>\r\n          <\/div>\r\n        <\/div>\r\n      <\/div>\r\n    <\/div>\r\n  <\/div>\r\n<\/div>","protected":false},"excerpt":{"rendered":"<p>Alap mini rizik\u00f3 sz\u0171r\u00e9s Laborat\u00f3riumi vizsg\u00e1lat A laborvizsg\u00e1lat v\u00e9n\u00e1s v\u00e9rv\u00e9telb\u0151l \u00e9s vizeletvizsg\u00e1latb\u00f3l \u00e1ll. A v\u00e9rv\u00e9telb\u0151l v\u00e9rk\u00e9p, m\u00e1jfunkci\u00f3s, vesefunkci\u00f3s, elektrolit elt\u00e9r\u00e9seket igazolhatunk. A 40 \u00e9v feletti f\u00e9rfiak eset\u00e9n PSA (prosztata specifikus antig\u00e9n) vizsg\u00e1lat t\u00f6rt\u00e9nik, hogy id\u0151ben kisz\u0171rhess\u00fck a prosztata daganatokat. Lehet\u0151s\u00e9g van sz\u00e9klet v\u00e9rvizsg\u00e1lat elv\u00e9gz\u00e9s\u00e9re is. Belgy\u00f3gy\u00e1szati vizsg\u00e1lat R\u00e9szletes fizik\u00e1lis \u00e1llapotfelm\u00e9r\u00e9s \u00e9s laborvizsg\u00e1latok alapj\u00e1n a sz\u00edv-\u00e9rrendszeri [&hellip;]<\/p>\n","protected":false},"author":5,"featured_media":0,"parent":0,"menu_order":0,"comment_status":"closed","ping_status":"closed","template":"page-templates\/full-width-page.php","meta":{"footnotes":""},"class_list":["post-5716","page","type-page","status-publish","hentry"],"_links":{"self":[{"href":"https:\/\/foglegeszsegugy.videoton.hu\/index.php\/wp-json\/wp\/v2\/pages\/5716","targetHints":{"allow":["GET"]}}],"collection":[{"href":"https:\/\/foglegeszsegugy.videoton.hu\/index.php\/wp-json\/wp\/v2\/pages"}],"about":[{"href":"https:\/\/foglegeszsegugy.videoton.hu\/index.php\/wp-json\/wp\/v2\/types\/page"}],"author":[{"embeddable":true,"href":"https:\/\/foglegeszsegugy.videoton.hu\/index.php\/wp-json\/wp\/v2\/users\/5"}],"replies":[{"embeddable":true,"href":"https:\/\/foglegeszsegugy.videoton.hu\/index.php\/wp-json\/wp\/v2\/comments?post=5716"}],"version-history":[{"count":20,"href":"https:\/\/foglegeszsegugy.videoton.hu\/index.php\/wp-json\/wp\/v2\/pages\/5716\/revisions"}],"predecessor-version":[{"id":7762,"href":"https:\/\/foglegeszsegugy.videoton.hu\/index.php\/wp-json\/wp\/v2\/pages\/5716\/revisions\/7762"}],"wp:attachment":[{"href":"https:\/\/foglegeszsegugy.videoton.hu\/index.php\/wp-json\/wp\/v2\/media?parent=5716"}],"curies":[{"name":"wp","href":"https:\/\/api.w.org\/{rel}","templated":true}]}}