{"id":5903,"date":"2024-07-10T08:31:13","date_gmt":"2024-07-10T08:31:13","guid":{"rendered":"https:\/\/foglegeszsegugy.videoton.hu\/?page_id=5903"},"modified":"2024-08-01T13:42:25","modified_gmt":"2024-08-01T13:42:25","slug":"szuroprogramok","status":"publish","type":"page","link":"https:\/\/foglegeszsegugy.videoton.hu\/index.php\/szuroprogramok\/","title":{"rendered":"Sz\u0171r\u0151programok"},"content":{"rendered":"<div data-colibri-id=\"5903-c1\" class=\"style-4931 style-local-5903-c1 position-relative\">\n  <!---->\n  <div data-colibri-component=\"section\" data-colibri-id=\"5903-c2\" id=\"fejlec\" class=\"h-section h-section-global-spacing colibri-featured-img-bg d-flex align-items-lg-center align-items-md-center align-items-center style-4932 style-local-5903-c2 position-relative\">\n    <div class=\"background-wrapper\">\n      <div class=\"background-layer background-layer-media-container-lg\">\n        <!---->\n        <div class=\"overlay-layer\">\n          <div class=\"overlay-image-layer\" style=\"background-color: rgb(34, 96, 166); opacity: 0.7;\"><\/div>\n        <\/div>\n      <\/div>\n      <div class=\"background-layer background-layer-media-container-md\">\n        <!---->\n        <div class=\"overlay-layer\">\n          <div class=\"overlay-image-layer\" style=\"background-color: rgb(34, 96, 166); opacity: 0.7;\"><\/div>\n        <\/div>\n      <\/div>\n      <div class=\"background-layer background-layer-media-container\">\n        <!---->\n        <div class=\"overlay-layer\">\n          <div class=\"overlay-image-layer\" style=\"background-color: rgb(34, 96, 166); opacity: 0.7;\"><\/div>\n        <\/div>\n      <\/div>\n    <\/div>\n    <!---->\n    <div class=\"h-separator\" style=\"height: 59px; bottom: calc(0px);\">\n      <svg style=\"fill:rgb(34, 96, 166);transform:rotateX(180deg);\" xmlns=\"http:\/\/www.w3.org\/2000\/svg\" preserveAspectRatio=\"none\" viewBox=\"0 0 1000 100\">\n        <path id=\"path2\" d=\"M 1000,0 H 0 v 100 z\" class=\"svg-white-bg\"><\/path>\n      <\/svg>\n    <\/div>\n    <div class=\"h-section-grid-container h-section-boxed-container\">\n      <!---->\n      <div data-colibri-id=\"5903-c3\" class=\"h-row-container gutters-row-lg-2 gutters-row-md-2 gutters-row-0 gutters-row-v-lg-2 gutters-row-v-md-2 gutters-row-v-2 style-4933 style-local-5903-c3 position-relative\">\n        <!---->\n        <div class=\"h-row justify-content-lg-center justify-content-md-center justify-content-center align-items-lg-stretch align-items-md-stretch align-items-stretch gutters-col-lg-2 gutters-col-md-2 gutters-col-0 gutters-col-v-lg-2 gutters-col-v-md-2 gutters-col-v-2\">\n          <!---->\n          <div class=\"h-column h-column-container d-flex h-col-lg-auto h-col-md-auto h-col-auto style-4934-outer style-local-5903-c4-outer\">\n            <div data-colibri-id=\"5903-c4\" class=\"d-flex h-flex-basis h-column__inner h-px-lg-2 h-px-md-2 h-px-2 v-inner-lg-2 v-inner-md-2 v-inner-2 style-4934 style-local-5903-c4 position-relative\">\n              <!---->\n              <!---->\n              <div class=\"w-100 h-y-container h-column__content h-column__v-align flex-basis-100 align-self-lg-start align-self-md-start align-self-start\">\n                <!---->\n                <div data-colibri-id=\"5903-c5\" class=\"h-global-transition-all h-heading style-4935 style-local-5903-c5 position-relative h-element\">\n                  <!---->\n                  <div class=\"h-heading__outer style-4935 style-local-5903-c5\">\n                    <!---->\n                    <!---->\n                    <h2 class=\"\">SZ\u0170R\u0150PROGRAMOK<\/h2>\n                  <\/div>\n                <\/div>\n              <\/div>\n            <\/div>\n          <\/div>\n        <\/div>\n      <\/div>\n    <\/div>\n  <\/div>\n  <div data-colibri-component=\"section\" data-colibri-id=\"5903-c6\" id=\"about\" class=\"h-section h-section-global-spacing d-flex align-items-lg-center align-items-md-center align-items-center style-5083 style-local-5903-c6 position-relative\">\n    <!---->\n    <!---->\n    <div class=\"h-section-grid-container h-section-boxed-container\">\n      <!---->\n      <div data-colibri-id=\"5903-c7\" class=\"h-row-container gutters-row-lg-2 gutters-row-md-2 gutters-row-2 gutters-row-v-lg-2 gutters-row-v-md-2 gutters-row-v-2 style-5084 style-local-5903-c7 position-relative\">\n        <!---->\n        <div class=\"h-row justify-content-lg-center justify-content-md-center justify-content-center align-items-lg-stretch align-items-md-stretch align-items-stretch gutters-col-lg-2 gutters-col-md-2 gutters-col-2 gutters-col-v-lg-2 gutters-col-v-md-2 gutters-col-v-2\">\n          <!---->\n          <div class=\"h-column h-column-container d-flex h-col-lg-auto h-col-md-auto h-col-auto style-5085-outer style-local-5903-c8-outer\">\n            <div data-colibri-id=\"5903-c8\" class=\"d-flex h-flex-basis h-column__inner h-px-lg-2 h-px-md-2 h-px-2 v-inner-lg-2 v-inner-md-2 v-inner-2 style-5085 style-local-5903-c8 position-relative\">\n              <!---->\n              <!---->\n              <div class=\"w-100 h-y-container h-column__content h-column__v-align flex-basis-100 align-self-lg-center align-self-md-center align-self-center\">\n                <!---->\n                <div data-colibri-id=\"5903-c9\" class=\"h-global-transition-all h-heading style-5087 style-local-5903-c9 position-relative h-element\">\n                  <!---->\n                  <div class=\"h-heading__outer style-5087 style-local-5903-c9\">\n                    <!---->\n                    <!---->\n                    <h2 class=\"\">\u201eEg\u00e9szs\u00e9ges munkav\u00e1llal\u00f3 az eg\u00e9szs\u00e9ges munkahelyen\u201d<\/h2>\n                  <\/div>\n                <\/div>\n                <div data-colibri-id=\"5903-c10\" class=\"h-lead h-text h-text-component style-5088 style-local-5903-c10 position-relative h-element\">\n                  <!---->\n                  <!---->\n                  <div class=\"\">\n                    <p>A Sz\u0171r\u0151k\u00f6zpont els\u0151dleges c\u00e9lja a VIDEOTON v\u00e1llalatcsoport dolgoz\u00f3inak, valamint m\u00e1s v\u00e1llalkoz\u00e1sok sz\u00e1m\u00e1ra prevenci\u00f3s eg\u00e9szs\u00e9g\u00fcgyi szolg\u00e1ltat\u00e1s ny\u00fajt\u00e1sa.<\/p>\n                    <p>Szeretn\u00e9nk el\u00e9rni, hogy a sz\u0171r\u0151vizsg\u00e1lati programokon kereszt\u00fcl felh\u00edvjuk a munkav\u00e1llal\u00f3k figyelm\u00e9t az eg\u00e9szs\u00e9ges \u00e9letm\u00f3d fontoss\u00e1g\u00e1ra.\n                      <br>Seg\u00edts\u00fck a munkav\u00e1llal\u00f3k \u00e9letmin\u0151s\u00e9g\u00e9nek, eg\u00e9szs\u00e9g\u00e9nek meg\u0151rz\u00e9s\u00e9t, jav\u00edt\u00e1s\u00e1t \u00e9s tev\u00e9keny r\u00e9szt v\u00e1llaljunk az eg\u00e9szs\u00e9ges \u00e9letm\u00f3d n\u00e9pszer\u0171s\u00edt\u00e9s\u00e9ben, terjeszt\u00e9s\u00e9ben.\n                      <br>\n                      <br>Csoportos vizsg\u00e1latainkat azok figyelm\u00e9be aj\u00e1nljuk, akiknek a munk\u00e1ja fokozott ig\u00e9nybev\u00e9tellel, stresszhat\u00e1sokkal j\u00e1r. Sz\u00e1mukra k\u00fcl\u00f6n\u00f6sen fontos lehet a betegs\u00e9gek megjelen\u00e9se el\u0151tti un. pre-klinikai st\u00e1dium kimutat\u00e1sa, hogy a betegs\u00e9gek\n                      id\u0151ben megel\u0151zhet\u0151v\u00e9, illetve korai st\u00e1diumban felismerve eredm\u00e9nyesen \u00e9s gyorsan gy\u00f3gy\u00edthat\u00f3v\u00e1 v\u00e1ljanak.\n                      <br>&nbsp;<\/p>\n                  <\/div>\n                <\/div>\n                <div data-colibri-id=\"5903-c11\" class=\"h-global-transition-all h-heading style-5086 style-local-5903-c11 position-relative h-element\">\n                  <!---->\n                  <div class=\"h-heading__outer style-5086 style-local-5903-c11\">\n                    <!---->\n                    <!---->\n                    <h5 class=\"\">A sz\u0171r\u00e9si programokat ig\u00e9ny szerint az \u00d6n k\u00f6zrem\u0171k\u00f6d\u00e9s\u00e9vel \u00e1ll\u00edtjuk \u00f6ssze.<\/h5>\n                  <\/div>\n                <\/div>\n              <\/div>\n            <\/div>\n          <\/div>\n          <div class=\"h-column h-column-container d-flex h-col-lg-auto h-col-md-auto h-col-auto style-5091-outer style-local-5903-c12-outer\">\n            <div data-colibri-id=\"5903-c12\" class=\"d-flex h-flex-basis h-column__inner h-px-lg-2 h-px-md-2 h-px-2 v-inner-lg-2 v-inner-md-2 v-inner-2 style-5091 style-local-5903-c12 position-relative\">\n              <!---->\n              <!---->\n              <div class=\"w-100 h-y-container h-column__content h-column__v-align flex-basis-100 align-self-lg-center align-self-md-center align-self-center\">\n                <!---->\n                <div data-colibri-id=\"5903-c13\" class=\"d-block style-5092 style-local-5903-c13 h-hide-sm position-relative h-element\">\n                  <!---->\n                  <div class=\"h-image__frame-container-outer\">\n                    <div class=\"h-image__frame-container\">\n                      <!---->\n                      <!---->\n                      <img loading=\"lazy\" decoding=\"async\" width=\"1081\" height=\"1079\" src=\"http:\/\/foglegeszsegugy.videoton.hu\/wp-content\/uploads\/2024\/08\/cropped-3.jpg\" class=\"wp-image-7920 style-5092-image style-local-5903-c13-image\" alt=\"\" srcset=\"https:\/\/foglegeszsegugy.videoton.hu\/wp-content\/uploads\/2024\/08\/cropped-3.jpg 1081w, https:\/\/foglegeszsegugy.videoton.hu\/wp-content\/uploads\/2024\/08\/cropped-3-300x300.jpg 300w, https:\/\/foglegeszsegugy.videoton.hu\/wp-content\/uploads\/2024\/08\/cropped-3-1024x1022.jpg 1024w, https:\/\/foglegeszsegugy.videoton.hu\/wp-content\/uploads\/2024\/08\/cropped-3-150x150.jpg 150w, https:\/\/foglegeszsegugy.videoton.hu\/wp-content\/uploads\/2024\/08\/cropped-3-768x767.jpg 768w\" sizes=\"auto, (max-width: 1081px) 100vw, 1081px\" \/>\n                      <div class=\"h-image__frame h-hide-lg h-hide-md h-hide-sm style-5092-frameImage style-local-5903-c13-frameImage\"><\/div>\n                    <\/div>\n                  <\/div>\n                <\/div>\n              <\/div>\n            <\/div>\n          <\/div>\n        <\/div>\n      <\/div>\n    <\/div>\n  <\/div>\n  <div data-colibri-component=\"section\" data-colibri-id=\"5903-c14\" id=\"custom-3\" class=\"h-section h-section-global-spacing d-flex align-items-lg-center align-items-md-center align-items-center style-4995 style-local-5903-c14 position-relative\">\n    <!---->\n    <!---->\n    <div class=\"h-section-grid-container h-section-boxed-container\">\n      <!---->\n      <div data-colibri-id=\"5903-c15\" class=\"h-row-container gutters-row-lg-2 gutters-row-md-2 gutters-row-0 gutters-row-v-lg-2 gutters-row-v-md-2 gutters-row-v-2 style-5007 style-local-5903-c15 position-relative\">\n        <!---->\n        <div class=\"h-row justify-content-lg-center justify-content-md-center justify-content-center align-items-lg-stretch align-items-md-stretch align-items-stretch gutters-col-lg-2 gutters-col-md-2 gutters-col-0 gutters-col-v-lg-2 gutters-col-v-md-2 gutters-col-v-2\">\n          <!---->\n          <div class=\"h-column h-column-container d-flex h-col-lg-auto h-col-md-auto h-col-auto style-5008-outer style-local-5903-c16-outer\">\n            <div data-colibri-id=\"5903-c16\" class=\"d-flex h-flex-basis h-column__inner h-px-lg-2 h-px-md-2 h-px-2 v-inner-lg-2 v-inner-md-2 v-inner-2 style-5008 style-local-5903-c16 position-relative\">\n              <!---->\n              <!---->\n              <div class=\"w-100 h-y-container h-column__content h-column__v-align flex-basis-100 align-self-lg-start align-self-md-start align-self-start\">\n                <!---->\n                <div data-colibri-id=\"5903-c17\" class=\"h-global-transition-all h-heading style-5009 style-local-5903-c17 position-relative h-element\">\n                  <!---->\n                  <div class=\"h-heading__outer style-5009 style-local-5903-c17\">\n                    <!---->\n                    <!---->\n                    <h2 class=\"\">VIZSG\u00c1LATI CSOMAGOK<\/h2>\n                  <\/div>\n                <\/div>\n                <div data-colibri-id=\"5903-c18\" class=\"h-divider style-5006 style-local-5903-c18 position-relative h-element\">\n                  <!----><span class=\"h-divider__line style-5006-line style-local-5903-c18-line style-5006-line style-local-5903-c18-line\"><\/span> <span class=\"h-svg-icon h-divider__icon style-5006-icon style-local-5903-c18-icon\"><!--Icon by Font Awesome (https:\/\/fontawesome.com)-->\n    <svg version=\"1.1\" xmlns=\"http:\/\/www.w3.org\/2000\/svg\" xmlns:xlink=\"http:\/\/www.w3.org\/1999\/xlink\" id=\"medkit\" viewBox=\"0 0 1792 1896.0833\">\n      <path d=\"M1280 1120V928q0-14-9-23t-23-9h-224V672q0-14-9-23t-23-9H800q-14 0-23 9t-9 23v224H544q-14 0-23 9t-9 23v192q0 14 9 23t23 9h224v224q0 14 9 23t23 9h192q14 0 23-9t9-23v-224h224q14 0 23-9t9-23zM640 384h512V256H640v128zm-384 0v1280h-32q-92 0-158-66T0 1440V608q0-92 66-158t158-66h32zm1184 0v1280H352V384h160V224q0-40 28-68t68-28h576q40 0 68 28t28 68v160h160zm352 224v832q0 92-66 158t-158 66h-32V384h32q92 0 158 66t66 158z\"><\/path>\n    <\/svg><\/span> <span class=\"h-divider__line style-5006-line style-local-5903-c18-line style-5006-line style-local-5903-c18-line\"><\/span><\/div>\n              <\/div>\n            <\/div>\n          <\/div>\n        <\/div>\n      <\/div>\n      <div data-colibri-id=\"5903-c19\" class=\"h-row-container gutters-row-lg-2 gutters-row-md-2 gutters-row-0 gutters-row-v-lg-2 gutters-row-v-md-2 gutters-row-v-2 style-5017 style-local-5903-c19 position-relative\">\n        <!---->\n        <div class=\"h-row justify-content-lg-center justify-content-md-center justify-content-center align-items-lg-stretch align-items-md-stretch align-items-stretch gutters-col-lg-2 gutters-col-md-2 gutters-col-0 gutters-col-v-lg-2 gutters-col-v-md-2 gutters-col-v-2\">\n          <!---->\n          <div class=\"h-column h-column-container d-flex h-col-lg-auto h-col-md-auto h-col-auto style-5018-outer style-local-5903-c20-outer\">\n            <div data-colibri-id=\"5903-c20\" class=\"d-flex h-flex-basis h-column__inner h-px-lg-2 h-px-md-2 h-px-2 v-inner-lg-2 v-inner-md-2 v-inner-2 style-5018 style-local-5903-c20 position-relative\">\n              <!---->\n              <!---->\n              <div class=\"w-100 h-y-container h-column__content h-column__v-align flex-basis-100 align-self-lg-start align-self-md-start align-self-start\">\n                <!---->\n                <div data-colibri-id=\"5903-c21\" class=\"h-x-container style-5025 style-local-5903-c21 position-relative h-element\">\n                  <!---->\n                  <div class=\"h-x-container-inner style-dynamic-5903-c21-group style-5025-spacing style-local-5903-c21-spacing\"><span class=\"h-button__outer style-5026-outer style-local-5903-c22-outer d-inline-flex h-element\"><a h-use-smooth-scroll=\"true\" href=\"https:\/\/foglegeszsegugy.videoton.hu\/index.php\/alap-mini-riziko\/\"  data-colibri-id=\"5903-c22\" class=\"d-flex w-100 align-items-center h-button justify-content-lg-center justify-content-md-center justify-content-center style-5026 style-local-5903-c22 position-relative\"><!----><!----> <span>ALAP MINI RIZIK\u00d3 SZ\u0170R\u00c9S<\/span><\/a>\n                    <\/span>\n                  <\/div>\n                <\/div>\n              <\/div>\n            <\/div>\n          <\/div>\n          <div class=\"h-column h-column-container d-flex h-col-lg-auto h-col-md-auto h-col-auto style-5019-outer style-local-5903-c23-outer\">\n            <div data-colibri-id=\"5903-c23\" class=\"d-flex h-flex-basis h-column__inner h-px-lg-2 h-px-md-2 h-px-2 v-inner-lg-2 v-inner-md-2 v-inner-2 style-5019 style-local-5903-c23 position-relative\">\n              <!---->\n              <!---->\n              <div class=\"w-100 h-y-container h-column__content h-column__v-align flex-basis-100 align-self-lg-start align-self-md-start align-self-start\">\n                <!---->\n                <div data-colibri-id=\"5903-c24\" class=\"h-x-container style-5021 style-local-5903-c24 position-relative h-element\">\n                  <!---->\n                  <div class=\"h-x-container-inner style-dynamic-5903-c24-group style-5021-spacing style-local-5903-c24-spacing\"><span class=\"h-button__outer style-5022-outer style-local-5903-c25-outer d-inline-flex h-element\"><a h-use-smooth-scroll=\"true\" href=\"https:\/\/foglegeszsegugy.videoton.hu\/index.php\/alap-kardio-szures\/\"  data-colibri-id=\"5903-c25\" class=\"d-flex w-100 align-items-center h-button justify-content-lg-center justify-content-md-center justify-content-center style-5022 style-local-5903-c25 position-relative\"><!----><!----> <span>ALAP + KARDIOL\u00d3GIAI SZ\u0170R\u00c9S<\/span><\/a>\n                    <\/span>\n                  <\/div>\n                <\/div>\n              <\/div>\n            <\/div>\n          <\/div>\n          <div class=\"h-column h-column-container d-flex h-col-lg-auto h-col-md-auto h-col-auto style-5020-outer style-local-5903-c26-outer\">\n            <div data-colibri-id=\"5903-c26\" class=\"d-flex h-flex-basis h-column__inner h-px-lg-2 h-px-md-2 h-px-2 v-inner-lg-2 v-inner-md-2 v-inner-2 style-5020 style-local-5903-c26 position-relative\">\n              <!---->\n              <!---->\n              <div class=\"w-100 h-y-container h-column__content h-column__v-align flex-basis-100 align-self-lg-start align-self-md-start align-self-start\">\n                <!---->\n                <div data-colibri-id=\"5903-c27\" class=\"h-x-container style-5023 style-local-5903-c27 position-relative h-element\">\n                  <!---->\n                  <div class=\"h-x-container-inner style-dynamic-5903-c27-group style-5023-spacing style-local-5903-c27-spacing\"><span class=\"h-button__outer style-5024-outer style-local-5903-c28-outer d-inline-flex h-element\"><a h-use-smooth-scroll=\"true\" href=\"https:\/\/foglegeszsegugy.videoton.hu\/index.php\/manager-szures\/\"  data-colibri-id=\"5903-c28\" class=\"d-flex w-100 align-items-center h-button justify-content-lg-center justify-content-md-center justify-content-center style-5024 style-local-5903-c28 position-relative\"><!----><!----> <span>MANAGER SZ\u0170R\u00c9S<\/span><\/a>\n                    <\/span>\n                  <\/div>\n                <\/div>\n              <\/div>\n            <\/div>\n          <\/div>\n        <\/div>\n      <\/div>\n      <div data-colibri-id=\"5903-c29\" class=\"h-row-container gutters-row-lg-2 gutters-row-md-2 gutters-row-0 gutters-row-v-lg-2 gutters-row-v-md-2 gutters-row-v-2 style-5017 style-local-5903-c29 position-relative\">\n        <!---->\n        <div class=\"h-row justify-content-lg-center justify-content-md-center justify-content-center align-items-lg-stretch align-items-md-stretch align-items-stretch gutters-col-lg-2 gutters-col-md-2 gutters-col-0 gutters-col-v-lg-2 gutters-col-v-md-2 gutters-col-v-2\">\n          <!---->\n          <div class=\"h-column h-column-container d-flex h-col-lg-auto h-col-md-auto h-col-auto style-5018-outer style-local-5903-c30-outer\">\n            <div data-colibri-id=\"5903-c30\" class=\"d-flex h-flex-basis h-column__inner h-px-lg-2 h-px-md-2 h-px-2 v-inner-lg-2 v-inner-md-2 v-inner-2 style-5018 style-local-5903-c30 position-relative\">\n              <!---->\n              <!---->\n              <div class=\"w-100 h-y-container h-column__content h-column__v-align flex-basis-100 align-self-lg-start align-self-md-start align-self-start\">\n                <!---->\n                <div data-colibri-id=\"5903-c31\" class=\"h-x-container style-5025 style-local-5903-c31 position-relative h-element\">\n                  <!---->\n                  <div class=\"h-x-container-inner style-dynamic-5903-c31-group style-5025-spacing style-local-5903-c31-spacing\"><span class=\"h-button__outer style-5027-outer style-local-5903-c32-outer d-inline-flex h-element\"><a h-use-smooth-scroll=\"true\" href=\"https:\/\/foglegeszsegugy.videoton.hu\/index.php\/borgyogyaszati-szures\/\"  data-colibri-id=\"5903-c32\" class=\"d-flex w-100 align-items-center h-button justify-content-lg-center justify-content-md-center justify-content-center style-5027 style-local-5903-c32 position-relative\"><!----><!----> <span>B\u0150RGY\u00d3GY\u00c1SZATI SZ\u0170R\u00c9S<\/span><\/a>\n                    <\/span>\n                  <\/div>\n                <\/div>\n              <\/div>\n            <\/div>\n          <\/div>\n          <div class=\"h-column h-column-container d-flex h-col-lg-auto h-col-md-auto h-col-auto style-5019-outer style-local-5903-c33-outer\">\n            <div data-colibri-id=\"5903-c33\" class=\"d-flex h-flex-basis h-column__inner h-px-lg-2 h-px-md-2 h-px-2 v-inner-lg-2 v-inner-md-2 v-inner-2 style-5019 style-local-5903-c33 position-relative\">\n              <!---->\n              <!---->\n              <div class=\"w-100 h-y-container h-column__content h-column__v-align flex-basis-100 align-self-lg-start align-self-md-start align-self-start\">\n                <!---->\n                <div data-colibri-id=\"5903-c34\" class=\"h-x-container style-5021 style-local-5903-c34 position-relative h-element\">\n                  <!---->\n                  <div class=\"h-x-container-inner style-dynamic-5903-c34-group style-5021-spacing style-local-5903-c34-spacing\"><span class=\"h-button__outer style-5022-outer style-local-5903-c35-outer d-inline-flex h-element\"><a h-use-smooth-scroll=\"true\" href=\"https:\/\/foglegeszsegugy.videoton.hu\/index.php\/carotis-pajzsmirigy-szures\/\"  data-colibri-id=\"5903-c35\" class=\"d-flex w-100 align-items-center h-button justify-content-lg-center justify-content-md-center justify-content-center style-5022 style-local-5903-c35 position-relative\"><!----><!----> <span>CAROTIS + PAJZSMIRIGY SZ\u0170R\u00c9S<\/span><\/a>\n                    <\/span>\n                  <\/div>\n                <\/div>\n              <\/div>\n            <\/div>\n          <\/div>\n          <div class=\"h-column h-column-container d-flex h-col-lg-auto h-col-md-auto h-col-auto style-5020-outer style-local-5903-c36-outer\">\n            <div data-colibri-id=\"5903-c36\" class=\"d-flex h-flex-basis h-column__inner h-px-lg-2 h-px-md-2 h-px-2 v-inner-lg-2 v-inner-md-2 v-inner-2 style-5020 style-local-5903-c36 position-relative\">\n              <!---->\n              <!---->\n              <div class=\"w-100 h-y-container h-column__content h-column__v-align flex-basis-100 align-self-lg-start align-self-md-start align-self-start\">\n                <!---->\n                <div data-colibri-id=\"5903-c37\" class=\"h-x-container style-5023 style-local-5903-c37 position-relative h-element\">\n                  <!---->\n                  <div class=\"h-x-container-inner style-dynamic-5903-c37-group style-5023-spacing style-local-5903-c37-spacing\"><span class=\"h-button__outer style-5024-outer style-local-5903-c38-outer d-inline-flex h-element\"><a h-use-smooth-scroll=\"true\" href=\"https:\/\/foglegeszsegugy.videoton.hu\/index.php\/gastro-szures\/\"  data-colibri-id=\"5903-c38\" class=\"d-flex w-100 align-items-center h-button justify-content-lg-center justify-content-md-center justify-content-center style-5024 style-local-5903-c38 position-relative\"><!----><!----> <span>GASTRO SZ\u0170R\u00c9S<\/span><\/a>\n                    <\/span>\n                  <\/div>\n                <\/div>\n              <\/div>\n            <\/div>\n          <\/div>\n        <\/div>\n      <\/div>\n    <\/div>\n  <\/div>\n<\/div>","protected":false},"excerpt":{"rendered":"<p>SZ\u0170R\u0150PROGRAMOK \u201eEg\u00e9szs\u00e9ges munkav\u00e1llal\u00f3 az eg\u00e9szs\u00e9ges munkahelyen\u201d A Sz\u0171r\u0151k\u00f6zpont els\u0151dleges c\u00e9lja a VIDEOTON v\u00e1llalatcsoport dolgoz\u00f3inak, valamint m\u00e1s v\u00e1llalkoz\u00e1sok sz\u00e1m\u00e1ra prevenci\u00f3s eg\u00e9szs\u00e9g\u00fcgyi szolg\u00e1ltat\u00e1s ny\u00fajt\u00e1sa. Szeretn\u00e9nk el\u00e9rni, hogy a sz\u0171r\u0151vizsg\u00e1lati programokon kereszt\u00fcl felh\u00edvjuk a munkav\u00e1llal\u00f3k figyelm\u00e9t az eg\u00e9szs\u00e9ges \u00e9letm\u00f3d fontoss\u00e1g\u00e1ra. Seg\u00edts\u00fck a munkav\u00e1llal\u00f3k \u00e9letmin\u0151s\u00e9g\u00e9nek, eg\u00e9szs\u00e9g\u00e9nek meg\u0151rz\u00e9s\u00e9t, jav\u00edt\u00e1s\u00e1t \u00e9s tev\u00e9keny r\u00e9szt v\u00e1llaljunk az eg\u00e9szs\u00e9ges \u00e9letm\u00f3d n\u00e9pszer\u0171s\u00edt\u00e9s\u00e9ben, terjeszt\u00e9s\u00e9ben. Csoportos vizsg\u00e1latainkat [&hellip;]<\/p>\n","protected":false},"author":5,"featured_media":0,"parent":0,"menu_order":0,"comment_status":"closed","ping_status":"closed","template":"page-templates\/full-width-page.php","meta":{"footnotes":""},"class_list":["post-5903","page","type-page","status-publish","hentry"],"_links":{"self":[{"href":"https:\/\/foglegeszsegugy.videoton.hu\/index.php\/wp-json\/wp\/v2\/pages\/5903","targetHints":{"allow":["GET"]}}],"collection":[{"href":"https:\/\/foglegeszsegugy.videoton.hu\/index.php\/wp-json\/wp\/v2\/pages"}],"about":[{"href":"https:\/\/foglegeszsegugy.videoton.hu\/index.php\/wp-json\/wp\/v2\/types\/page"}],"author":[{"embeddable":true,"href":"https:\/\/foglegeszsegugy.videoton.hu\/index.php\/wp-json\/wp\/v2\/users\/5"}],"replies":[{"embeddable":true,"href":"https:\/\/foglegeszsegugy.videoton.hu\/index.php\/wp-json\/wp\/v2\/comments?post=5903"}],"version-history":[{"count":20,"href":"https:\/\/foglegeszsegugy.videoton.hu\/index.php\/wp-json\/wp\/v2\/pages\/5903\/revisions"}],"predecessor-version":[{"id":7923,"href":"https:\/\/foglegeszsegugy.videoton.hu\/index.php\/wp-json\/wp\/v2\/pages\/5903\/revisions\/7923"}],"wp:attachment":[{"href":"https:\/\/foglegeszsegugy.videoton.hu\/index.php\/wp-json\/wp\/v2\/media?parent=5903"}],"curies":[{"name":"wp","href":"https:\/\/api.w.org\/{rel}","templated":true}]}}