{"id":7305,"date":"2024-07-25T05:42:55","date_gmt":"2024-07-25T05:42:55","guid":{"rendered":"https:\/\/foglegeszsegugy.videoton.hu\/?page_id=7305"},"modified":"2024-07-30T08:47:53","modified_gmt":"2024-07-30T08:47:53","slug":"borgyogyaszati-szures","status":"publish","type":"page","link":"https:\/\/foglegeszsegugy.videoton.hu\/index.php\/borgyogyaszati-szures\/","title":{"rendered":"B\u0151rgy\u00f3gy\u00e1szati sz\u0171r\u00e9s"},"content":{"rendered":"<div data-colibri-id=\"7305-c1\" class=\"style-5640 style-local-7305-c1 position-relative\">\r\n  <!---->\r\n  <div data-colibri-component=\"section\" data-colibri-id=\"7305-c2\" id=\"custom\" class=\"h-section h-section-global-spacing colibri-featured-img-bg d-flex align-items-lg-center align-items-md-center align-items-center style-5641 style-local-7305-c2 position-relative\">\r\n    <div class=\"background-wrapper\">\r\n      <div class=\"background-layer background-layer-media-container-lg\">\r\n        <!---->\r\n        <div class=\"overlay-layer\">\r\n          <div class=\"overlay-image-layer\" style=\"background-color: rgb(34, 96, 166); opacity: 0.5;\"><\/div>\r\n        <\/div>\r\n      <\/div>\r\n      <div class=\"background-layer background-layer-media-container-md\">\r\n        <!---->\r\n        <div class=\"overlay-layer\">\r\n          <div class=\"overlay-image-layer\" style=\"background-color: rgb(34, 96, 166); opacity: 0.5;\"><\/div>\r\n        <\/div>\r\n      <\/div>\r\n      <div class=\"background-layer background-layer-media-container\">\r\n        <!---->\r\n        <div class=\"overlay-layer\">\r\n          <div class=\"overlay-image-layer\" style=\"background-color: rgb(34, 96, 166); opacity: 0.5;\"><\/div>\r\n        <\/div>\r\n      <\/div>\r\n    <\/div>\r\n    <!---->\r\n    <div class=\"h-section-grid-container h-section-boxed-container\">\r\n      <!---->\r\n      <div data-colibri-id=\"7305-c3\" class=\"h-row-container gutters-row-lg-2 gutters-row-md-2 gutters-row-0 gutters-row-v-lg-2 gutters-row-v-md-2 gutters-row-v-2 style-5642 style-local-7305-c3 position-relative\">\r\n        <!---->\r\n        <div class=\"h-row justify-content-lg-center justify-content-md-center justify-content-center align-items-lg-stretch align-items-md-stretch align-items-stretch gutters-col-lg-2 gutters-col-md-2 gutters-col-0 gutters-col-v-lg-2 gutters-col-v-md-2 gutters-col-v-2\">\r\n          <!---->\r\n          <div class=\"h-column h-column-container d-flex h-col-lg-auto h-col-md-auto h-col-auto style-5643-outer style-local-7305-c4-outer\">\r\n            <div data-colibri-id=\"7305-c4\" class=\"d-flex h-flex-basis h-column__inner h-px-lg-2 h-px-md-2 h-px-2 v-inner-lg-2 v-inner-md-2 v-inner-2 style-5643 style-local-7305-c4 position-relative\">\r\n              <!---->\r\n              <!---->\r\n              <div class=\"w-100 h-y-container h-column__content h-column__v-align flex-basis-100 align-self-lg-start align-self-md-start align-self-start\">\r\n                <!---->\r\n                <div data-colibri-id=\"7305-c5\" class=\"h-global-transition-all h-heading style-5644 style-local-7305-c5 position-relative h-element\">\r\n                  <!---->\r\n                  <div class=\"h-heading__outer style-5644 style-local-7305-c5\">\r\n                    <!---->\r\n                    <!---->\r\n                    <h2 class=\"\">B\u0151rgy\u00f3gy\u00e1szati sz\u0171r\u00e9s<\/h2>\r\n                  <\/div>\r\n                <\/div>\r\n              <\/div>\r\n            <\/div>\r\n          <\/div>\r\n        <\/div>\r\n      <\/div>\r\n    <\/div>\r\n  <\/div>\r\n  <div data-colibri-component=\"section\" data-colibri-id=\"7305-c6\" id=\"reusable-sections\" class=\"h-section h-section-global-spacing d-flex align-items-lg-center align-items-md-center align-items-center style-5667 style-local-7305-c6 position-relative\">\r\n    <!---->\r\n    <!---->\r\n    <div class=\"h-section-grid-container h-section-boxed-container\">\r\n      <!---->\r\n      <div data-colibri-id=\"7305-c7\" class=\"h-row-container gutters-row-lg-0 gutters-row-md-0 gutters-row-0 gutters-row-v-lg-0 gutters-row-v-md-0 gutters-row-v-0 style-5673 style-local-7305-c7 position-relative\">\r\n        <!---->\r\n        <div class=\"h-row justify-content-lg-center justify-content-md-center justify-content-center align-items-lg-stretch align-items-md-stretch align-items-stretch gutters-col-lg-0 gutters-col-md-0 gutters-col-0 gutters-col-v-lg-0 gutters-col-v-md-0 gutters-col-v-0\">\r\n          <!---->\r\n          <div class=\"h-column h-column-container d-flex h-col-lg-auto h-col-md-auto h-col-auto style-5674-outer style-local-7305-c8-outer\">\r\n            <div data-colibri-id=\"7305-c8\" class=\"d-flex h-flex-basis h-column__inner h-ui-empty-state-container h-px-lg-0 h-px-md-0 h-px-0 v-inner-lg-0 v-inner-md-0 v-inner-0 style-5674 style-local-7305-c8 position-relative\">\r\n              <!---->\r\n              <!---->\r\n              <div class=\"w-100 h-y-container h-column__content h-column__v-align flex-basis-100\">\r\n                <!---->\r\n              <\/div>\r\n            <\/div>\r\n          <\/div>\r\n          <div class=\"h-column h-column-container d-flex h-col-lg-auto h-col-md-auto h-col-auto style-5675-outer style-local-7305-c9-outer\">\r\n            <div data-colibri-id=\"7305-c9\" class=\"d-flex h-flex-basis h-column__inner h-px-lg-3 h-px-md-0 h-px-3 v-inner-lg-3 v-inner-md-0 v-inner-3 style-5675 style-local-7305-c9 position-relative\">\r\n              <!---->\r\n              <!---->\r\n              <div class=\"w-100 h-y-container h-column__content h-column__v-align flex-basis-100 align-self-lg-center align-self-md-center align-self-center\">\r\n                <!---->\r\n                <div data-colibri-id=\"7305-c10\" class=\"h-global-transition-all h-heading style-5676 style-local-7305-c10 position-relative h-element\">\r\n                  <!---->\r\n                  <div class=\"h-heading__outer style-5676 style-local-7305-c10\">\r\n                    <!---->\r\n                    <!---->\r\n                    <h4 class=\"\">Anyajegy sz\u0171r\u00e9s<\/h4>\r\n                  <\/div>\r\n                <\/div>\r\n                <div data-colibri-id=\"7305-c11\" class=\"h-text h-text-component style-5677 style-local-7305-c11 position-relative h-element\">\r\n                  <!---->\r\n                  <!---->\r\n                  <div class=\"\">\r\n                    <p>Az anyajegy sz\u0171r\u00e9s egy fontos b\u0151rgy\u00f3gy\u00e1szati vizsg\u00e1lat, amely sor\u00e1n az orvos megvizsg\u00e1lja a b\u0151r\u00f6n tal\u00e1lhat\u00f3 anyajegyeket \u00e9s pigmentfoltokat. A sz\u0171r\u00e9s c\u00e9lja az esetleges b\u0151rr\u00e1k korai felismer\u00e9se. Az orvos dermatoszk\u00f3p seg\u00edts\u00e9g\u00e9vel alaposan\r\n                      megvizsg\u00e1lja az anyajegyek alakj\u00e1t, sz\u00edn\u00e9t \u00e9s m\u00e9ret\u00e9t.\r\n                      <br>Ha gyan\u00fas elv\u00e1ltoz\u00e1st tal\u00e1l, tov\u00e1bbi vizsg\u00e1latokra k\u00fcldheti tov\u00e1bb p\u00e1ciens\u00e9t. Az id\u0151ben elv\u00e9gzett anyajegy sz\u0171r\u00e9s \u00e9letment\u0151 lehet, mivel a b\u0151rr\u00e1k korai st\u00e1diumban j\u00f3l kezelhet\u0151.<\/p>\r\n                  <\/div>\r\n                <\/div>\r\n              <\/div>\r\n            <\/div>\r\n          <\/div>\r\n        <\/div>\r\n      <\/div>\r\n    <\/div>\r\n  <\/div>\r\n  <div data-colibri-component=\"section\" data-colibri-id=\"7305-c12\" id=\"cta\" class=\"h-section h-section-global-spacing d-flex align-items-lg-center align-items-md-center align-items-center style-5661 style-local-7305-c12 position-relative\">\r\n    <div class=\"background-wrapper\">\r\n      <div class=\"background-layer background-layer-media-container-lg\">\r\n        <div data-enabled=\"true\" data-colibri-component=\"parallax\" class=\"background-layer paraxify\" model-id=\"7305-c12\" media=\"desktop\" is-preview=\"true\" style=\"background-image: url(&quot;http:\/\/foglegeszsegugy.videoton.hu\/wp-content\/uploads\/2024\/07\/6.jpg&quot;);\"><\/div>\r\n        <div class=\"overlay-layer\">\r\n          <div class=\"overlay-image-layer\" style=\"background-color: rgb(0, 0, 0); opacity: 0.5;\"><\/div>\r\n        <\/div>\r\n      <\/div>\r\n      <div class=\"background-layer background-layer-media-container-md\">\r\n        <!---->\r\n        <div class=\"overlay-layer\">\r\n          <div class=\"overlay-image-layer\" style=\"background-color: rgb(0, 0, 0); opacity: 0.5;\"><\/div>\r\n        <\/div>\r\n      <\/div>\r\n      <div class=\"background-layer background-layer-media-container\">\r\n        <!---->\r\n        <div class=\"overlay-layer\">\r\n          <div class=\"overlay-image-layer\" style=\"background-color: rgb(0, 0, 0); opacity: 0.5;\"><\/div>\r\n        <\/div>\r\n      <\/div>\r\n    <\/div>\r\n    <!---->\r\n    <div class=\"h-section-grid-container h-section-boxed-container\">\r\n      <!---->\r\n      <div data-colibri-id=\"7305-c13\" class=\"h-row-container gutters-row-lg-2 gutters-row-md-2 gutters-row-0 gutters-row-v-lg-2 gutters-row-v-md-2 gutters-row-v-2 style-5662 style-local-7305-c13 position-relative\">\r\n        <!---->\r\n        <div class=\"h-row justify-content-lg-center justify-content-md-center justify-content-center align-items-lg-stretch align-items-md-stretch align-items-stretch gutters-col-lg-2 gutters-col-md-2 gutters-col-0 gutters-col-v-lg-2 gutters-col-v-md-2 gutters-col-v-2\">\r\n          <!---->\r\n          <div class=\"h-column h-column-container d-flex h-col-lg-auto h-col-md-auto h-col-auto style-5663-outer style-local-7305-c14-outer\">\r\n            <div data-colibri-id=\"7305-c14\" class=\"d-flex h-flex-basis h-column__inner h-px-lg-0 h-px-md-0 h-px-2 v-inner-lg-0 v-inner-md-0 v-inner-2 style-5663 style-local-7305-c14 position-relative\">\r\n              <!---->\r\n              <!---->\r\n              <div class=\"w-100 h-y-container h-column__content h-column__v-align flex-basis-100 align-self-lg-start align-self-md-start align-self-start\">\r\n                <!---->\r\n                <div data-colibri-id=\"7305-c15\" class=\"h-global-transition-all h-heading style-5664 style-local-7305-c15 position-relative h-element\">\r\n                  <!---->\r\n                  <div class=\"h-heading__outer style-5664 style-local-7305-c15\">\r\n                    <!---->\r\n                    <!---->\r\n                    <h3 class=\"\">Vegye fel vel\u00fcnk a kapcsolatot!<\/h3>\r\n                  <\/div>\r\n                <\/div>\r\n                <div data-colibri-id=\"7305-c16\" class=\"h-x-container style-5665 style-local-7305-c16 position-relative h-element\">\r\n                  <!---->\r\n                  <div class=\"h-x-container-inner style-dynamic-7305-c16-group style-5665-spacing style-local-7305-c16-spacing\"><span class=\"h-button__outer style-5666-outer style-local-7305-c17-outer d-inline-flex h-element\"><a h-use-smooth-scroll=\"true\" href=\"https:\/\/foglegeszsegugy.videoton.hu\/index.php\/kapcsolat\/\"  data-colibri-id=\"7305-c17\" class=\"d-flex w-100 align-items-center h-button justify-content-lg-center justify-content-md-center justify-content-center style-5666 style-local-7305-c17 position-relative\"><!----><!----> <span>KAPCSOLAT<\/span><\/a>\r\n                    <\/span>\r\n                  <\/div>\r\n                <\/div>\r\n              <\/div>\r\n            <\/div>\r\n          <\/div>\r\n        <\/div>\r\n      <\/div>\r\n    <\/div>\r\n  <\/div>\r\n<\/div>","protected":false},"excerpt":{"rendered":"<p>B\u0151rgy\u00f3gy\u00e1szati sz\u0171r\u00e9s Anyajegy sz\u0171r\u00e9s Az anyajegy sz\u0171r\u00e9s egy fontos b\u0151rgy\u00f3gy\u00e1szati vizsg\u00e1lat, amely sor\u00e1n az orvos megvizsg\u00e1lja a b\u0151r\u00f6n tal\u00e1lhat\u00f3 anyajegyeket \u00e9s pigmentfoltokat. A sz\u0171r\u00e9s c\u00e9lja az esetleges b\u0151rr\u00e1k korai felismer\u00e9se. Az orvos dermatoszk\u00f3p seg\u00edts\u00e9g\u00e9vel alaposan megvizsg\u00e1lja az anyajegyek alakj\u00e1t, sz\u00edn\u00e9t \u00e9s m\u00e9ret\u00e9t. Ha gyan\u00fas elv\u00e1ltoz\u00e1st tal\u00e1l, tov\u00e1bbi vizsg\u00e1latokra k\u00fcldheti tov\u00e1bb p\u00e1ciens\u00e9t. Az id\u0151ben elv\u00e9gzett anyajegy [&hellip;]<\/p>\n","protected":false},"author":4,"featured_media":0,"parent":0,"menu_order":0,"comment_status":"closed","ping_status":"closed","template":"page-templates\/full-width-page.php","meta":{"footnotes":""},"class_list":["post-7305","page","type-page","status-publish","hentry"],"_links":{"self":[{"href":"https:\/\/foglegeszsegugy.videoton.hu\/index.php\/wp-json\/wp\/v2\/pages\/7305","targetHints":{"allow":["GET"]}}],"collection":[{"href":"https:\/\/foglegeszsegugy.videoton.hu\/index.php\/wp-json\/wp\/v2\/pages"}],"about":[{"href":"https:\/\/foglegeszsegugy.videoton.hu\/index.php\/wp-json\/wp\/v2\/types\/page"}],"author":[{"embeddable":true,"href":"https:\/\/foglegeszsegugy.videoton.hu\/index.php\/wp-json\/wp\/v2\/users\/4"}],"replies":[{"embeddable":true,"href":"https:\/\/foglegeszsegugy.videoton.hu\/index.php\/wp-json\/wp\/v2\/comments?post=7305"}],"version-history":[{"count":4,"href":"https:\/\/foglegeszsegugy.videoton.hu\/index.php\/wp-json\/wp\/v2\/pages\/7305\/revisions"}],"predecessor-version":[{"id":7763,"href":"https:\/\/foglegeszsegugy.videoton.hu\/index.php\/wp-json\/wp\/v2\/pages\/7305\/revisions\/7763"}],"wp:attachment":[{"href":"https:\/\/foglegeszsegugy.videoton.hu\/index.php\/wp-json\/wp\/v2\/media?parent=7305"}],"curies":[{"name":"wp","href":"https:\/\/api.w.org\/{rel}","templated":true}]}}