{"id":7307,"date":"2024-07-25T05:44:13","date_gmt":"2024-07-25T05:44:13","guid":{"rendered":"https:\/\/foglegeszsegugy.videoton.hu\/?page_id=7307"},"modified":"2024-07-30T08:51:38","modified_gmt":"2024-07-30T08:51:38","slug":"gastro-szures","status":"publish","type":"page","link":"https:\/\/foglegeszsegugy.videoton.hu\/index.php\/gastro-szures\/","title":{"rendered":"Gastro sz\u0171r\u00e9s"},"content":{"rendered":"<div data-colibri-id=\"7307-c1\" class=\"style-5678 style-local-7307-c1 position-relative\">\r\n  <!---->\r\n  <div data-colibri-component=\"section\" data-colibri-id=\"7307-c2\" id=\"custom\" class=\"h-section h-section-global-spacing colibri-featured-img-bg d-flex align-items-lg-center align-items-md-center align-items-center style-5679 style-local-7307-c2 position-relative\">\r\n    <div class=\"background-wrapper\">\r\n      <div class=\"background-layer background-layer-media-container-lg\">\r\n        <!---->\r\n        <div class=\"overlay-layer\">\r\n          <div class=\"overlay-image-layer\" style=\"background-color: rgb(34, 96, 166); opacity: 0.5;\"><\/div>\r\n        <\/div>\r\n      <\/div>\r\n      <div class=\"background-layer background-layer-media-container-md\">\r\n        <!---->\r\n        <div class=\"overlay-layer\">\r\n          <div class=\"overlay-image-layer\" style=\"background-color: rgb(34, 96, 166); opacity: 0.5;\"><\/div>\r\n        <\/div>\r\n      <\/div>\r\n      <div class=\"background-layer background-layer-media-container\">\r\n        <!---->\r\n        <div class=\"overlay-layer\">\r\n          <div class=\"overlay-image-layer\" style=\"background-color: rgb(34, 96, 166); opacity: 0.5;\"><\/div>\r\n        <\/div>\r\n      <\/div>\r\n    <\/div>\r\n    <!---->\r\n    <div class=\"h-section-grid-container h-section-boxed-container\">\r\n      <!---->\r\n      <div data-colibri-id=\"7307-c3\" class=\"h-row-container gutters-row-lg-2 gutters-row-md-2 gutters-row-0 gutters-row-v-lg-2 gutters-row-v-md-2 gutters-row-v-2 style-5680 style-local-7307-c3 position-relative\">\r\n        <!---->\r\n        <div class=\"h-row justify-content-lg-center justify-content-md-center justify-content-center align-items-lg-stretch align-items-md-stretch align-items-stretch gutters-col-lg-2 gutters-col-md-2 gutters-col-0 gutters-col-v-lg-2 gutters-col-v-md-2 gutters-col-v-2\">\r\n          <!---->\r\n          <div class=\"h-column h-column-container d-flex h-col-lg-auto h-col-md-auto h-col-auto style-5681-outer style-local-7307-c4-outer\">\r\n            <div data-colibri-id=\"7307-c4\" class=\"d-flex h-flex-basis h-column__inner h-px-lg-2 h-px-md-2 h-px-2 v-inner-lg-2 v-inner-md-2 v-inner-2 style-5681 style-local-7307-c4 position-relative\">\r\n              <!---->\r\n              <!---->\r\n              <div class=\"w-100 h-y-container h-column__content h-column__v-align flex-basis-100 align-self-lg-start align-self-md-start align-self-start\">\r\n                <!---->\r\n                <div data-colibri-id=\"7307-c5\" class=\"h-global-transition-all h-heading style-5682 style-local-7307-c5 position-relative h-element\">\r\n                  <!---->\r\n                  <div class=\"h-heading__outer style-5682 style-local-7307-c5\">\r\n                    <!---->\r\n                    <!---->\r\n                    <h2 class=\"\">Gastro sz\u0171r\u00e9s<\/h2>\r\n                  <\/div>\r\n                <\/div>\r\n              <\/div>\r\n            <\/div>\r\n          <\/div>\r\n        <\/div>\r\n      <\/div>\r\n    <\/div>\r\n  <\/div>\r\n  <div data-colibri-component=\"section\" data-colibri-id=\"7307-c6\" id=\"features\" class=\"h-section h-section-global-spacing d-flex align-items-lg-center align-items-md-center align-items-center style-5683 style-local-7307-c6 position-relative\">\r\n    <!---->\r\n    <!---->\r\n    <div class=\"h-section-grid-container h-section-boxed-container\">\r\n      <!---->\r\n      <div data-colibri-id=\"7307-c7\" class=\"h-row-container gutters-row-lg-0 gutters-row-md-0 gutters-row-0 gutters-row-v-lg-0 gutters-row-v-md-0 gutters-row-v-0 style-5689 style-local-7307-c7 position-relative\">\r\n        <!---->\r\n        <div class=\"h-row justify-content-lg-center justify-content-md-center justify-content-center align-items-lg-stretch align-items-md-stretch align-items-stretch gutters-col-lg-0 gutters-col-md-0 gutters-col-0 gutters-col-v-lg-0 gutters-col-v-md-0 gutters-col-v-0\">\r\n          <!---->\r\n          <div class=\"h-column h-column-container d-flex h-col-lg-auto h-col-md-auto h-col-auto style-5691-outer style-local-7307-c8-outer\">\r\n            <div data-colibri-id=\"7307-c8\" class=\"d-flex h-flex-basis h-column__inner h-px-lg-3 h-px-md-3 h-px-3 v-inner-lg-3 v-inner-md-3 v-inner-3 style-5691 style-local-7307-c8 position-relative\">\r\n              <!---->\r\n              <!---->\r\n              <div class=\"w-100 h-y-container h-column__content h-column__v-align flex-basis-100 align-self-lg-center align-self-md-center align-self-center\">\r\n                <!---->\r\n                <div data-colibri-id=\"7307-c9\" class=\"h-global-transition-all h-heading style-5692 style-local-7307-c9 position-relative h-element\">\r\n                  <!---->\r\n                  <div class=\"h-heading__outer style-5692 style-local-7307-c9\">\r\n                    <!---->\r\n                    <!---->\r\n                    <h4 class=\"\">Vastagb\u00e9l sz\u0171r\u0151vizsg\u00e1lat, az Endo-Kapszula Mag\u00e1norvosi Centrum szakmai aj\u00e1nl\u00e1s\u00e1val<\/h4>\r\n                  <\/div>\r\n                <\/div>\r\n                <div data-colibri-id=\"7307-c10\" class=\"h-text h-text-component style-5693 style-local-7307-c10 position-relative h-element\">\r\n                  <!---->\r\n                  <!---->\r\n                  <div class=\"\">\r\n                    <p><strong style=\"font-weight: 700;\">A vastagb\u00e9lsz\u0171r\u00e9sn\u00e9l alkalmazott sz\u0171r\u0151vizsg\u00e1lati m\u00f3dszer, egy \u201ek\u00e9tl\u00e9pcs\u0151s\u201d elj\u00e1r\u00e1s:<\/strong><\/p>\r\n                    <p>Els\u0151 l\u00e9pcs\u0151ben a leadott sz\u00e9kletmint\u00e1t laborat\u00f3rium vizsg\u00e1lja, amely egy nagyon \u00e9rz\u00e9keny, enzimes vizsg\u00e1lati m\u00f3dszer,&nbsp;amely a sz\u00e9kletbeli rejtett v\u00e9r kimutat\u00e1s\u00e1ra ir\u00e1nyul, kieg\u00e9sz\u00edtve:\r\n                      <br>\r\n                    <\/p>\r\n                    <ul>\r\n                      <li class=\"ql-indent-1\">M2-PK sz\u00e9kletsz\u0171r\u00e9ssel (ami az M2-PK enzim kimutat\u00e1s\u00e1ra ir\u00e1nyul, amelynek jelenl\u00e9te a sz\u00e9kletben colorectalis daganatra (vastagb\u00e9lr\u00e1k \u00e9s vastagb\u00e9l polip) utalhat)\r\n                        <br>\r\n                        <br>\r\n                      <\/li>\r\n                      <li class=\"ql-indent-1\">Calprotectin-teszttel (ez egy olyan egyszer\u0171 sz\u00e9klet sz\u0171r\u0151vizsg\u00e1lat, ami nagyobb pontoss\u00e1ggal k\u00e9pes a sz\u00e9kletb\u0151l a feh\u00e9rv\u00e9rsejtek kimutat\u00e1s\u00e1ra, amelyek a gyullad\u00e1sos b\u00e9lbetegs\u00e9gek \u00e9s a vastagb\u00e9ldaganat k\u00f3rjelz\u0151i lehetnek).<\/li>\r\n                    <\/ul>\r\n                    <p><em style=\"font-weight: 600;\">Eredm\u00e9ny \u00e9rt\u00e9kel\u00e9s az eg\u00e9szs\u00e9gcentrum orvos\u00e1val t\u00f6rt\u00e9nik,&nbsp;<u>amennyiben a laborvizsg\u00e1lat eredm\u00e9nye negat\u00edv, akkor nincs tov\u00e1bbi teend\u0151.<\/u><\/em><\/p>\r\n                    <p><em style=\"font-weight: 600;\"><u>Amennyiben a laborvizsg\u00e1lat valamely eredm\u00e9nye pozit\u00edv, akkor lehet\u0151s\u00e9g van egy t\u00e9r\u00edt\u00e9smentes szakorvosi konzult\u00e1ci\u00f3ra az Endo-Kapszula Kft-n\u00e9l, ahol szakorvos bevon\u00e1s\u00e1val ker\u00fcl sor a tov\u00e1bbi teend\u0151k eld\u00f6nt\u00e9s\u00e9re:<\/u><\/em><\/p>\r\n                    <ul>\r\n                      <li class=\"ql-indent-1\">ha az eredm\u00e9ny csak kev\u00e9ssel t\u00e9r el a megengedett\u0151l, d\u00f6nt\u00e9s sz\u00fcletik a tov\u00e1bbi vizsg\u00e1latokra, illetve javaslatot tesznek n\u00e9h\u00e1ny \u00e9v m\u00falva \u00fajabb kontrollvizsg\u00e1lat elv\u00e9gz\u00e9s\u00e9re. (A vastagb\u00e9l daganat igen hossz\u00fa id\u0151 alatt fejl\u0151dik ki,\r\n                        ez\u00e9rt a szakorvos \u00e1ltal javasolt gyakoris\u00e1ggal v\u00e9gzett kontrol el\u00e9gs\u00e9ges.)<\/li>\r\n                      <li class=\"ql-indent-1\">ha az eredm\u00e9ny pozit\u00edv (hat\u00e1r\u00e9rt\u00e9k feletti), CT-virtu\u00e1lis kolonoszk\u00f3pia javasolt. Ez a vizsg\u00e1lati m\u00f3dszer a vastagb\u00e9l modern, pontos \u00e9s kev\u00e9sb\u00e9 kellemetlen vizsg\u00e1lata. A vizsg\u00e1lat sor\u00e1n h\u00e1ton fekv\u0151 helyzetben a vastagb\u00e9lbe egy be\u00f6nt\u0151cs\u00f6v\u00f6n\r\n                        kereszt\u00fcl sz\u00e9n-dioxidot juttatnak, majd CT felv\u00e9teleket k\u00e9sz\u00edtenek.<\/li>\r\n                      <li class=\"ql-indent-1\">amennyibe a virtu\u00e1lis colonoscopia olyan elt\u00e9r\u00e9st igazol, amelyb\u0151l biopsias mintav\u00e9tel sz\u00fcks\u00e9ges vagy polyp ker\u00fcl felfedez\u00e9sre, amit el kell t\u00e1vol\u00edtani akkor vastagb\u00e9l t\u00fckr\u00f6z\u00e9sre, colonoscopi\u00e1ra ker\u00fcl sor, amely altat\u00e1sban t\u00f6rt\u00e9nik.<\/li>\r\n                    <\/ul>\r\n                    <p class=\"ql-indent-1\"><strong style=\"font-weight: 700;\"><em><u>A sz\u0171r\u0151vizsg\u00e1latra jelentkezhetnek:<\/u><\/em><\/strong><\/p>\r\n                    <ul>\r\n                      <li class=\"ql-indent-3\"><em>az 50 \u00e9v feletti munkav\u00e1llal\u00f3k, illetve<\/em><\/li>\r\n                      <li class=\"ql-indent-3\"><em>azok a 40-50 \u00e9v k\u00f6z\u00f6tti munkav\u00e1llal\u00f3k, akiknek csal\u00e1dj\u00e1ban \u2013 igazoltan \u2013 fordult el\u0151 vastagb\u00e9l daganatos megbeteged\u00e9s<\/em><\/li>\r\n                    <\/ul>\r\n                    <p>\r\n                      <br>\r\n                    <\/p>\r\n                  <\/div>\r\n                <\/div>\r\n              <\/div>\r\n            <\/div>\r\n          <\/div>\r\n        <\/div>\r\n      <\/div>\r\n    <\/div>\r\n  <\/div>\r\n  <div data-colibri-component=\"section\" data-colibri-id=\"7307-c11\" id=\"cta\" class=\"h-section h-section-global-spacing d-flex align-items-lg-center align-items-md-center align-items-center style-5699 style-local-7307-c11 position-relative\">\r\n    <div class=\"background-wrapper\">\r\n      <div class=\"background-layer background-layer-media-container-lg\">\r\n        <div data-enabled=\"true\" data-colibri-component=\"parallax\" class=\"background-layer paraxify\" model-id=\"7307-c11\" media=\"desktop\" is-preview=\"true\" style=\"background-image: url(&quot;http:\/\/foglegeszsegugy.videoton.hu\/wp-content\/uploads\/2024\/07\/6.jpg&quot;);\"><\/div>\r\n        <div class=\"overlay-layer\">\r\n          <div class=\"overlay-image-layer\" style=\"background-color: rgb(0, 0, 0); opacity: 0.5;\"><\/div>\r\n        <\/div>\r\n      <\/div>\r\n      <div class=\"background-layer background-layer-media-container-md\">\r\n        <!---->\r\n        <div class=\"overlay-layer\">\r\n          <div class=\"overlay-image-layer\" style=\"background-color: rgb(0, 0, 0); opacity: 0.5;\"><\/div>\r\n        <\/div>\r\n      <\/div>\r\n      <div class=\"background-layer background-layer-media-container\">\r\n        <!---->\r\n        <div class=\"overlay-layer\">\r\n          <div class=\"overlay-image-layer\" style=\"background-color: rgb(0, 0, 0); opacity: 0.5;\"><\/div>\r\n        <\/div>\r\n      <\/div>\r\n    <\/div>\r\n    <!---->\r\n    <div class=\"h-section-grid-container h-section-boxed-container\">\r\n      <!---->\r\n      <div data-colibri-id=\"7307-c12\" class=\"h-row-container gutters-row-lg-2 gutters-row-md-2 gutters-row-0 gutters-row-v-lg-2 gutters-row-v-md-2 gutters-row-v-2 style-5700 style-local-7307-c12 position-relative\">\r\n        <!---->\r\n        <div class=\"h-row justify-content-lg-center justify-content-md-center justify-content-center align-items-lg-stretch align-items-md-stretch align-items-stretch gutters-col-lg-2 gutters-col-md-2 gutters-col-0 gutters-col-v-lg-2 gutters-col-v-md-2 gutters-col-v-2\">\r\n          <!---->\r\n          <div class=\"h-column h-column-container d-flex h-col-lg-auto h-col-md-auto h-col-auto style-5701-outer style-local-7307-c13-outer\">\r\n            <div data-colibri-id=\"7307-c13\" class=\"d-flex h-flex-basis h-column__inner h-px-lg-0 h-px-md-0 h-px-2 v-inner-lg-0 v-inner-md-0 v-inner-2 style-5701 style-local-7307-c13 position-relative\">\r\n              <!---->\r\n              <!---->\r\n              <div class=\"w-100 h-y-container h-column__content h-column__v-align flex-basis-100 align-self-lg-start align-self-md-start align-self-start\">\r\n                <!---->\r\n                <div data-colibri-id=\"7307-c14\" class=\"h-global-transition-all h-heading style-5702 style-local-7307-c14 position-relative h-element\">\r\n                  <!---->\r\n                  <div class=\"h-heading__outer style-5702 style-local-7307-c14\">\r\n                    <!---->\r\n                    <!---->\r\n                    <h3 class=\"\">Vegye fel vel\u00fcnk a kapcsolatot!<\/h3>\r\n                  <\/div>\r\n                <\/div>\r\n                <div data-colibri-id=\"7307-c15\" class=\"h-x-container style-5703 style-local-7307-c15 position-relative h-element\">\r\n                  <!---->\r\n                  <div class=\"h-x-container-inner style-dynamic-7307-c15-group style-5703-spacing style-local-7307-c15-spacing\"><span class=\"h-button__outer style-5704-outer style-local-7307-c16-outer d-inline-flex h-element\"><a h-use-smooth-scroll=\"true\" href=\"https:\/\/foglegeszsegugy.videoton.hu\/index.php\/kapcsolat\/\"  data-colibri-id=\"7307-c16\" class=\"d-flex w-100 align-items-center h-button justify-content-lg-center justify-content-md-center justify-content-center style-5704 style-local-7307-c16 position-relative\"><!----><!----> <span>KAPCSOLAT<\/span><\/a>\r\n                    <\/span>\r\n                  <\/div>\r\n                <\/div>\r\n              <\/div>\r\n            <\/div>\r\n          <\/div>\r\n        <\/div>\r\n      <\/div>\r\n    <\/div>\r\n  <\/div>\r\n<\/div>","protected":false},"excerpt":{"rendered":"<p>Gastro sz\u0171r\u00e9s Vastagb\u00e9l sz\u0171r\u0151vizsg\u00e1lat, az Endo-Kapszula Mag\u00e1norvosi Centrum szakmai aj\u00e1nl\u00e1s\u00e1val A vastagb\u00e9lsz\u0171r\u00e9sn\u00e9l alkalmazott sz\u0171r\u0151vizsg\u00e1lati m\u00f3dszer, egy \u201ek\u00e9tl\u00e9pcs\u0151s\u201d elj\u00e1r\u00e1s: Els\u0151 l\u00e9pcs\u0151ben a leadott sz\u00e9kletmint\u00e1t laborat\u00f3rium vizsg\u00e1lja, amely egy nagyon \u00e9rz\u00e9keny, enzimes vizsg\u00e1lati m\u00f3dszer,&nbsp;amely a sz\u00e9kletbeli rejtett v\u00e9r kimutat\u00e1s\u00e1ra ir\u00e1nyul, kieg\u00e9sz\u00edtve: M2-PK sz\u00e9kletsz\u0171r\u00e9ssel (ami az M2-PK enzim kimutat\u00e1s\u00e1ra ir\u00e1nyul, amelynek jelenl\u00e9te a sz\u00e9kletben colorectalis daganatra (vastagb\u00e9lr\u00e1k \u00e9s [&hellip;]<\/p>\n","protected":false},"author":4,"featured_media":0,"parent":0,"menu_order":0,"comment_status":"closed","ping_status":"closed","template":"page-templates\/full-width-page.php","meta":{"footnotes":""},"class_list":["post-7307","page","type-page","status-publish","hentry"],"_links":{"self":[{"href":"https:\/\/foglegeszsegugy.videoton.hu\/index.php\/wp-json\/wp\/v2\/pages\/7307","targetHints":{"allow":["GET"]}}],"collection":[{"href":"https:\/\/foglegeszsegugy.videoton.hu\/index.php\/wp-json\/wp\/v2\/pages"}],"about":[{"href":"https:\/\/foglegeszsegugy.videoton.hu\/index.php\/wp-json\/wp\/v2\/types\/page"}],"author":[{"embeddable":true,"href":"https:\/\/foglegeszsegugy.videoton.hu\/index.php\/wp-json\/wp\/v2\/users\/4"}],"replies":[{"embeddable":true,"href":"https:\/\/foglegeszsegugy.videoton.hu\/index.php\/wp-json\/wp\/v2\/comments?post=7307"}],"version-history":[{"count":4,"href":"https:\/\/foglegeszsegugy.videoton.hu\/index.php\/wp-json\/wp\/v2\/pages\/7307\/revisions"}],"predecessor-version":[{"id":7766,"href":"https:\/\/foglegeszsegugy.videoton.hu\/index.php\/wp-json\/wp\/v2\/pages\/7307\/revisions\/7766"}],"wp:attachment":[{"href":"https:\/\/foglegeszsegugy.videoton.hu\/index.php\/wp-json\/wp\/v2\/media?parent=7307"}],"curies":[{"name":"wp","href":"https:\/\/api.w.org\/{rel}","templated":true}]}}